{"id":119,"date":"2022-02-14T15:00:27","date_gmt":"2022-02-14T15:00:27","guid":{"rendered":"https:\/\/toraldo-suites.ms.decms.eu\/?page_id=119"},"modified":"2022-03-28T17:43:45","modified_gmt":"2022-03-28T17:43:45","slug":"acces-et-localisation","status":"publish","type":"page","link":"https:\/\/www.toraldosuites.it\/fr\/acces-et-localisation\/","title":{"rendered":"Acc\u00e8s et Localisation"},"content":{"rendered":"<p>Les Suites sont situ\u00e9es \u00e0 Naples via Mario Morgantini n. 3, \u00e0 quelques m\u00e8tres de la c\u00e9l\u00e8bre Piazza Carit\u00e0, <strong>desservie par la c\u00e9l\u00e8bre station de m\u00e9tro \u00ab\u00a0Toledo\u00a0\u00bb<\/strong>, con\u00e7ue par ARCHISTAR OSCAR TOUSQUETS BLANCA et class\u00e9e comme l&rsquo;une des plus belles stations de m\u00e9tro d&rsquo;Europe.<\/p>\n<p><strong>La position strat\u00e9gique<\/strong> vous permet de planifier des visites de la ville en excluant l&rsquo;utilisation de la voiture.<\/p>\n<p>A pied ou en transports en commun, vous pourrez rejoindre les principaux sites monumentaux et arch\u00e9ologiques de la ville (Mus\u00e9e Arch\u00e9ologique National, Palais Royal, Th\u00e9\u00e2tre San Carlo, m\u00e9tro Napolis) ainsi que les principales rues commer\u00e7antes (Via Toledo, Via Chiaia, Via dei Mille)<\/p>\n<p>\u00c0 environ 10 minutes \u00e0 pied, vous pourrez rejoindre la gare maritime d&rsquo;o\u00f9 partent les ferries et les hydroglisseurs <strong>pour rejoindre les c\u00e9l\u00e8bres \u00eeles d&rsquo;Ischia, Capri et Procida<\/strong>.<\/p>\n","protected":false},"excerpt":{"rendered":"<p>Les Suites sont situ\u00e9es \u00e0 Naples via Mario Morgantini n. 3, \u00e0 quelques m\u00e8tres de la c\u00e9l\u00e8bre Piazza Carit\u00e0, desservie par la c\u00e9l\u00e8bre station de m\u00e9tro \u00ab\u00a0Toledo\u00a0\u00bb, con\u00e7ue par ARCHISTAR OSCAR TOUSQUETS BLANCA et class\u00e9e comme l&rsquo;une des plus belles stations de m\u00e9tro d&rsquo;Europe. La position strat\u00e9gique vous permet de planifier des visites de la [&hellip;]<\/p>\n","protected":false},"author":7,"featured_media":0,"parent":0,"menu_order":20,"comment_status":"closed","ping_status":"closed","template":"template-location.php","meta":{"footnotes":""},"class_list":["post-119","page","type-page","status-publish","hentry"],"yoast_head":"<!-- This site is optimized with the Yoast SEO plugin v26.9 - https:\/\/yoast.com\/product\/yoast-seo-wordpress\/ -->\n<title>Acc\u00e8s et Localisation - Toraldo Suites -<\/title>\n<meta name=\"description\" content=\"Les Suites sont situ\u00e9es \u00e0 Naples via Mario Morgantini n. 3, \u00e0 quelques m\u00e8tres de la c\u00e9l\u00e8bre Piazza Carit\u00e0, desservie par la c\u00e9l\u00e8bre station de m\u00e9tro &quot;Toledo&quot;, con\u00e7ue par ARCHISTAR OSCAR TOUSQUETS BLANCA et class\u00e9e comme l&#039;une des plus belles stations de m\u00e9tro d&#039;Europe.  La position strat\u00e9gique vous permet de planifier des visites de la ville en excluant l&#039;utilisation de la voiture.  A pied ou en transports en commun, vous pourrez rejoindre les principaux sites monumentaux et arch\u00e9ologiques de la ville (Mus\u00e9e Arch\u00e9ologique National, Palais Royal, Th\u00e9\u00e2tre San Carlo, m\u00e9tro Napolis) ainsi que les principales rues commer\u00e7antes (Via Toledo, Via Chiaia, Via dei Mille)  \u00c0 environ 10 minutes \u00e0 pied, vous pourrez rejoindre la gare maritime d&#039;o\u00f9 partent les ferries et les hydroglisseurs pour rejoindre les c\u00e9l\u00e8bres \u00eeles d&#039;Ischia, Capri et Procida.\" \/>\n<meta name=\"robots\" content=\"index, follow, max-snippet:-1, max-image-preview:large, max-video-preview:-1\" \/>\n<link rel=\"canonical\" href=\"https:\/\/www.toraldosuites.it\/fr\/acces-et-localisation\/\" \/>\n<meta property=\"og:locale\" content=\"fr_FR\" \/>\n<meta property=\"og:type\" content=\"article\" \/>\n<meta property=\"og:title\" content=\"Acc\u00e8s et Localisation - Toraldo Suites -\" \/>\n<meta property=\"og:description\" content=\"Les Suites sont situ\u00e9es \u00e0 Naples via Mario Morgantini n. 3, \u00e0 quelques m\u00e8tres de la c\u00e9l\u00e8bre Piazza Carit\u00e0, desservie par la c\u00e9l\u00e8bre station de m\u00e9tro &quot;Toledo&quot;, con\u00e7ue par ARCHISTAR OSCAR TOUSQUETS BLANCA et class\u00e9e comme l&#039;une des plus belles stations de m\u00e9tro d&#039;Europe.  La position strat\u00e9gique vous permet de planifier des visites de la ville en excluant l&#039;utilisation de la voiture.  A pied ou en transports en commun, vous pourrez rejoindre les principaux sites monumentaux et arch\u00e9ologiques de la ville (Mus\u00e9e Arch\u00e9ologique National, Palais Royal, Th\u00e9\u00e2tre San Carlo, m\u00e9tro Napolis) ainsi que les principales rues commer\u00e7antes (Via Toledo, Via Chiaia, Via dei Mille)  \u00c0 environ 10 minutes \u00e0 pied, vous pourrez rejoindre la gare maritime d&#039;o\u00f9 partent les ferries et les hydroglisseurs pour rejoindre les c\u00e9l\u00e8bres \u00eeles d&#039;Ischia, Capri et Procida.\" \/>\n<meta property=\"og:url\" content=\"https:\/\/www.toraldosuites.it\/fr\/acces-et-localisation\/\" \/>\n<meta property=\"og:site_name\" content=\"Toraldo Suites\" \/>\n<meta property=\"article:modified_time\" content=\"2022-03-28T17:43:45+00:00\" \/>\n<meta name=\"twitter:card\" content=\"summary_large_image\" \/>\n<meta name=\"twitter:label1\" content=\"Dur\u00e9e de lecture estim\u00e9e\" \/>\n\t<meta name=\"twitter:data1\" content=\"1 minute\" \/>\n<script type=\"application\/ld+json\" class=\"yoast-schema-graph\">{\"@context\":\"https:\/\/schema.org\",\"@graph\":[{\"@type\":\"WebPage\",\"@id\":\"https:\/\/www.toraldosuites.it\/fr\/acces-et-localisation\/\",\"url\":\"https:\/\/www.toraldosuites.it\/fr\/acces-et-localisation\/\",\"name\":\"Acc\u00e8s et Localisation - Toraldo Suites -\",\"isPartOf\":{\"@id\":\"https:\/\/www.toraldosuites.it\/fr\/#website\"},\"datePublished\":\"2022-02-14T15:00:27+00:00\",\"dateModified\":\"2022-03-28T17:43:45+00:00\",\"description\":\"Les Suites sont situ\u00e9es \u00e0 Naples via Mario Morgantini n. 3, \u00e0 quelques m\u00e8tres de la c\u00e9l\u00e8bre Piazza Carit\u00e0, desservie par la c\u00e9l\u00e8bre station de m\u00e9tro \\\"Toledo\\\", con\u00e7ue par ARCHISTAR OSCAR TOUSQUETS BLANCA et class\u00e9e comme l'une des plus belles stations de m\u00e9tro d'Europe. La position strat\u00e9gique vous permet de planifier des visites de la ville en excluant l'utilisation de la voiture. A pied ou en transports en commun, vous pourrez rejoindre les principaux sites monumentaux et arch\u00e9ologiques de la ville (Mus\u00e9e Arch\u00e9ologique National, Palais Royal, Th\u00e9\u00e2tre San Carlo, m\u00e9tro Napolis) ainsi que les principales rues commer\u00e7antes (Via Toledo, Via Chiaia, Via dei Mille) \u00c0 environ 10 minutes \u00e0 pied, vous pourrez rejoindre la gare maritime d'o\u00f9 partent les ferries et les hydroglisseurs pour rejoindre les c\u00e9l\u00e8bres \u00eeles d'Ischia, Capri et Procida.\",\"breadcrumb\":{\"@id\":\"https:\/\/www.toraldosuites.it\/fr\/acces-et-localisation\/#breadcrumb\"},\"inLanguage\":\"fr-FR\",\"potentialAction\":[{\"@type\":\"ReadAction\",\"target\":[\"https:\/\/www.toraldosuites.it\/fr\/acces-et-localisation\/\"]}]},{\"@type\":\"BreadcrumbList\",\"@id\":\"https:\/\/www.toraldosuites.it\/fr\/acces-et-localisation\/#breadcrumb\",\"itemListElement\":[{\"@type\":\"ListItem\",\"position\":1,\"name\":\"Home\",\"item\":\"https:\/\/www.toraldosuites.it\/fr\/\"},{\"@type\":\"ListItem\",\"position\":2,\"name\":\"Acc\u00e8s et Localisation\"}]},{\"@type\":\"WebSite\",\"@id\":\"https:\/\/www.toraldosuites.it\/fr\/#website\",\"url\":\"https:\/\/www.toraldosuites.it\/fr\/\",\"name\":\"Toraldo Suites\",\"description\":\"Just another ms.decms.eu site\",\"potentialAction\":[{\"@type\":\"SearchAction\",\"target\":{\"@type\":\"EntryPoint\",\"urlTemplate\":\"https:\/\/www.toraldosuites.it\/fr\/?s={search_term_string}\"},\"query-input\":{\"@type\":\"PropertyValueSpecification\",\"valueRequired\":true,\"valueName\":\"search_term_string\"}}],\"inLanguage\":\"fr-FR\"}]}<\/script>\n<!-- \/ Yoast SEO plugin. -->","yoast_head_json":{"title":"Acc\u00e8s et Localisation - Toraldo Suites -","description":"Les Suites sont situ\u00e9es \u00e0 Naples via Mario Morgantini n. 3, \u00e0 quelques m\u00e8tres de la c\u00e9l\u00e8bre Piazza Carit\u00e0, desservie par la c\u00e9l\u00e8bre station de m\u00e9tro \"Toledo\", con\u00e7ue par ARCHISTAR OSCAR TOUSQUETS BLANCA et class\u00e9e comme l'une des plus belles stations de m\u00e9tro d'Europe.  La position strat\u00e9gique vous permet de planifier des visites de la ville en excluant l'utilisation de la voiture.  A pied ou en transports en commun, vous pourrez rejoindre les principaux sites monumentaux et arch\u00e9ologiques de la ville (Mus\u00e9e Arch\u00e9ologique National, Palais Royal, Th\u00e9\u00e2tre San Carlo, m\u00e9tro Napolis) ainsi que les principales rues commer\u00e7antes (Via Toledo, Via Chiaia, Via dei Mille)  \u00c0 environ 10 minutes \u00e0 pied, vous pourrez rejoindre la gare maritime d'o\u00f9 partent les ferries et les hydroglisseurs pour rejoindre les c\u00e9l\u00e8bres \u00eeles d'Ischia, Capri et Procida.","robots":{"index":"index","follow":"follow","max-snippet":"max-snippet:-1","max-image-preview":"max-image-preview:large","max-video-preview":"max-video-preview:-1"},"canonical":"https:\/\/www.toraldosuites.it\/fr\/acces-et-localisation\/","og_locale":"fr_FR","og_type":"article","og_title":"Acc\u00e8s et Localisation - Toraldo Suites -","og_description":"Les Suites sont situ\u00e9es \u00e0 Naples via Mario Morgantini n. 3, \u00e0 quelques m\u00e8tres de la c\u00e9l\u00e8bre Piazza Carit\u00e0, desservie par la c\u00e9l\u00e8bre station de m\u00e9tro \"Toledo\", con\u00e7ue par ARCHISTAR OSCAR TOUSQUETS BLANCA et class\u00e9e comme l'une des plus belles stations de m\u00e9tro d'Europe.  La position strat\u00e9gique vous permet de planifier des visites de la ville en excluant l'utilisation de la voiture.  A pied ou en transports en commun, vous pourrez rejoindre les principaux sites monumentaux et arch\u00e9ologiques de la ville (Mus\u00e9e Arch\u00e9ologique National, Palais Royal, Th\u00e9\u00e2tre San Carlo, m\u00e9tro Napolis) ainsi que les principales rues commer\u00e7antes (Via Toledo, Via Chiaia, Via dei Mille)  \u00c0 environ 10 minutes \u00e0 pied, vous pourrez rejoindre la gare maritime d'o\u00f9 partent les ferries et les hydroglisseurs pour rejoindre les c\u00e9l\u00e8bres \u00eeles d'Ischia, Capri et Procida.","og_url":"https:\/\/www.toraldosuites.it\/fr\/acces-et-localisation\/","og_site_name":"Toraldo Suites","article_modified_time":"2022-03-28T17:43:45+00:00","twitter_card":"summary_large_image","twitter_misc":{"Dur\u00e9e de lecture estim\u00e9e":"1 minute"},"schema":{"@context":"https:\/\/schema.org","@graph":[{"@type":"WebPage","@id":"https:\/\/www.toraldosuites.it\/fr\/acces-et-localisation\/","url":"https:\/\/www.toraldosuites.it\/fr\/acces-et-localisation\/","name":"Acc\u00e8s et Localisation - Toraldo Suites -","isPartOf":{"@id":"https:\/\/www.toraldosuites.it\/fr\/#website"},"datePublished":"2022-02-14T15:00:27+00:00","dateModified":"2022-03-28T17:43:45+00:00","description":"Les Suites sont situ\u00e9es \u00e0 Naples via Mario Morgantini n. 3, \u00e0 quelques m\u00e8tres de la c\u00e9l\u00e8bre Piazza Carit\u00e0, desservie par la c\u00e9l\u00e8bre station de m\u00e9tro \"Toledo\", con\u00e7ue par ARCHISTAR OSCAR TOUSQUETS BLANCA et class\u00e9e comme l'une des plus belles stations de m\u00e9tro d'Europe. La position strat\u00e9gique vous permet de planifier des visites de la ville en excluant l'utilisation de la voiture. A pied ou en transports en commun, vous pourrez rejoindre les principaux sites monumentaux et arch\u00e9ologiques de la ville (Mus\u00e9e Arch\u00e9ologique National, Palais Royal, Th\u00e9\u00e2tre San Carlo, m\u00e9tro Napolis) ainsi que les principales rues commer\u00e7antes (Via Toledo, Via Chiaia, Via dei Mille) \u00c0 environ 10 minutes \u00e0 pied, vous pourrez rejoindre la gare maritime d'o\u00f9 partent les ferries et les hydroglisseurs pour rejoindre les c\u00e9l\u00e8bres \u00eeles d'Ischia, Capri et Procida.","breadcrumb":{"@id":"https:\/\/www.toraldosuites.it\/fr\/acces-et-localisation\/#breadcrumb"},"inLanguage":"fr-FR","potentialAction":[{"@type":"ReadAction","target":["https:\/\/www.toraldosuites.it\/fr\/acces-et-localisation\/"]}]},{"@type":"BreadcrumbList","@id":"https:\/\/www.toraldosuites.it\/fr\/acces-et-localisation\/#breadcrumb","itemListElement":[{"@type":"ListItem","position":1,"name":"Home","item":"https:\/\/www.toraldosuites.it\/fr\/"},{"@type":"ListItem","position":2,"name":"Acc\u00e8s et Localisation"}]},{"@type":"WebSite","@id":"https:\/\/www.toraldosuites.it\/fr\/#website","url":"https:\/\/www.toraldosuites.it\/fr\/","name":"Toraldo Suites","description":"Just another ms.decms.eu site","potentialAction":[{"@type":"SearchAction","target":{"@type":"EntryPoint","urlTemplate":"https:\/\/www.toraldosuites.it\/fr\/?s={search_term_string}"},"query-input":{"@type":"PropertyValueSpecification","valueRequired":true,"valueName":"search_term_string"}}],"inLanguage":"fr-FR"}]}},"acf":[],"_links":{"self":[{"href":"https:\/\/www.toraldosuites.it\/fr\/wp-json\/wp\/v2\/pages\/119","targetHints":{"allow":["GET"]}}],"collection":[{"href":"https:\/\/www.toraldosuites.it\/fr\/wp-json\/wp\/v2\/pages"}],"about":[{"href":"https:\/\/www.toraldosuites.it\/fr\/wp-json\/wp\/v2\/types\/page"}],"author":[{"embeddable":true,"href":"https:\/\/www.toraldosuites.it\/fr\/wp-json\/wp\/v2\/users\/7"}],"replies":[{"embeddable":true,"href":"https:\/\/www.toraldosuites.it\/fr\/wp-json\/wp\/v2\/comments?post=119"}],"version-history":[{"count":0,"href":"https:\/\/www.toraldosuites.it\/fr\/wp-json\/wp\/v2\/pages\/119\/revisions"}],"wp:attachment":[{"href":"https:\/\/www.toraldosuites.it\/fr\/wp-json\/wp\/v2\/media?parent=119"}],"curies":[{"name":"wp","href":"https:\/\/api.w.org\/{rel}","templated":true}]}}