{"id":14,"date":"2022-02-03T16:35:22","date_gmt":"2022-02-03T16:35:22","guid":{"rendered":"https:\/\/toraldo-suites.ms.decms.eu\/?page_id=14"},"modified":"2022-09-23T12:36:11","modified_gmt":"2022-09-23T12:36:11","slug":"toraldo-suites","status":"publish","type":"page","link":"https:\/\/www.toraldosuites.it\/fr\/","title":{"rendered":"Toraldo Suites"},"content":{"rendered":"<p>Le nom de chaque appartement est li\u00e9 \u00e0 une histoire ancienne qui remonte \u00e0 l&rsquo;\u00e9poque de la famille Toraldo.<\/p>\n<p>Les Suites, r\u00e9cemment r\u00e9nov\u00e9es avec un design moderne et confortable, disposent de chambres spacieuses et color\u00e9es et d&rsquo;une vue sur la Via Toledo et la Piazza Carit\u00e0.<\/p>\n","protected":false},"excerpt":{"rendered":"<p>Le nom de chaque appartement est li\u00e9 \u00e0 une histoire ancienne qui remonte \u00e0 l&rsquo;\u00e9poque de la famille Toraldo. Les Suites, r\u00e9cemment r\u00e9nov\u00e9es avec un design moderne et confortable, disposent de chambres spacieuses et color\u00e9es et d&rsquo;une vue sur la Via Toledo et la Piazza Carit\u00e0.<\/p>\n","protected":false},"author":7,"featured_media":0,"parent":0,"menu_order":0,"comment_status":"closed","ping_status":"closed","template":"","meta":{"footnotes":""},"class_list":["post-14","page","type-page","status-publish","hentry"],"yoast_head":"<!-- This site is optimized with the Yoast SEO plugin v26.9 - https:\/\/yoast.com\/product\/yoast-seo-wordpress\/ -->\n<title>Toraldo Suites - dans la zone centrale, sur la Piazza Carit\u00e0<\/title>\n<meta name=\"description\" content=\"Le nom de chaque appartement est li\u00e9 \u00e0 une histoire ancienne qui remonte \u00e0 l&#039;\u00e9poque de la famille Toraldo.  Les Suites, r\u00e9cemment r\u00e9nov\u00e9es avec un design moderne et confortable, disposent de chambres spacieuses et color\u00e9es et d&#039;une vue sur la Via Toledo et la Piazza Carit\u00e0..\" \/>\n<meta name=\"robots\" content=\"index, follow, max-snippet:-1, max-image-preview:large, max-video-preview:-1\" \/>\n<link rel=\"canonical\" href=\"https:\/\/www.toraldosuites.it\/fr\/\" \/>\n<meta property=\"og:locale\" content=\"fr_FR\" \/>\n<meta property=\"og:type\" content=\"article\" \/>\n<meta property=\"og:title\" content=\"Toraldo Suites - dans la zone centrale, sur la Piazza Carit\u00e0\" \/>\n<meta property=\"og:description\" content=\"Le nom de chaque appartement est li\u00e9 \u00e0 une histoire ancienne qui remonte \u00e0 l&#039;\u00e9poque de la famille Toraldo.  Les Suites, r\u00e9cemment r\u00e9nov\u00e9es avec un design moderne et confortable, disposent de chambres spacieuses et color\u00e9es et d&#039;une vue sur la Via Toledo et la Piazza Carit\u00e0..\" \/>\n<meta property=\"og:url\" content=\"https:\/\/www.toraldosuites.it\/fr\/\" \/>\n<meta property=\"og:site_name\" content=\"Toraldo Suites\" \/>\n<meta property=\"article:modified_time\" content=\"2022-09-23T12:36:11+00:00\" \/>\n<meta name=\"twitter:card\" content=\"summary_large_image\" \/>\n<meta name=\"twitter:label1\" content=\"Dur\u00e9e de lecture estim\u00e9e\" \/>\n\t<meta name=\"twitter:data1\" content=\"1 minute\" \/>\n<script type=\"application\/ld+json\" class=\"yoast-schema-graph\">{\"@context\":\"https:\/\/schema.org\",\"@graph\":[{\"@type\":\"WebPage\",\"@id\":\"https:\/\/www.toraldosuites.it\/fr\/\",\"url\":\"https:\/\/www.toraldosuites.it\/fr\/\",\"name\":\"Toraldo Suites - dans la zone centrale, sur la Piazza Carit\u00e0\",\"isPartOf\":{\"@id\":\"https:\/\/www.toraldosuites.it\/fr\/#website\"},\"datePublished\":\"2022-02-03T16:35:22+00:00\",\"dateModified\":\"2022-09-23T12:36:11+00:00\",\"description\":\"Le nom de chaque appartement est li\u00e9 \u00e0 une histoire ancienne qui remonte \u00e0 l'\u00e9poque de la famille Toraldo. Les Suites, r\u00e9cemment r\u00e9nov\u00e9es avec un design moderne et confortable, disposent de chambres spacieuses et color\u00e9es et d'une vue sur la Via Toledo et la Piazza Carit\u00e0..\",\"breadcrumb\":{\"@id\":\"https:\/\/www.toraldosuites.it\/fr\/#breadcrumb\"},\"inLanguage\":\"fr-FR\",\"potentialAction\":[{\"@type\":\"ReadAction\",\"target\":[\"https:\/\/www.toraldosuites.it\/fr\/\"]}]},{\"@type\":\"BreadcrumbList\",\"@id\":\"https:\/\/www.toraldosuites.it\/fr\/#breadcrumb\",\"itemListElement\":[{\"@type\":\"ListItem\",\"position\":1,\"name\":\"Home\",\"item\":\"https:\/\/www.toraldosuites.it\/fr\/\"},{\"@type\":\"ListItem\",\"position\":2,\"name\":\"Toraldo Suites\"}]},{\"@type\":\"WebSite\",\"@id\":\"https:\/\/www.toraldosuites.it\/fr\/#website\",\"url\":\"https:\/\/www.toraldosuites.it\/fr\/\",\"name\":\"Toraldo Suites\",\"description\":\"Just another ms.decms.eu site\",\"potentialAction\":[{\"@type\":\"SearchAction\",\"target\":{\"@type\":\"EntryPoint\",\"urlTemplate\":\"https:\/\/www.toraldosuites.it\/fr\/?s={search_term_string}\"},\"query-input\":{\"@type\":\"PropertyValueSpecification\",\"valueRequired\":true,\"valueName\":\"search_term_string\"}}],\"inLanguage\":\"fr-FR\"}]}<\/script>\n<!-- \/ Yoast SEO plugin. -->","yoast_head_json":{"title":"Toraldo Suites - dans la zone centrale, sur la Piazza Carit\u00e0","description":"Le nom de chaque appartement est li\u00e9 \u00e0 une histoire ancienne qui remonte \u00e0 l'\u00e9poque de la famille Toraldo.  Les Suites, r\u00e9cemment r\u00e9nov\u00e9es avec un design moderne et confortable, disposent de chambres spacieuses et color\u00e9es et d'une vue sur la Via Toledo et la Piazza Carit\u00e0..","robots":{"index":"index","follow":"follow","max-snippet":"max-snippet:-1","max-image-preview":"max-image-preview:large","max-video-preview":"max-video-preview:-1"},"canonical":"https:\/\/www.toraldosuites.it\/fr\/","og_locale":"fr_FR","og_type":"article","og_title":"Toraldo Suites - dans la zone centrale, sur la Piazza Carit\u00e0","og_description":"Le nom de chaque appartement est li\u00e9 \u00e0 une histoire ancienne qui remonte \u00e0 l'\u00e9poque de la famille Toraldo.  Les Suites, r\u00e9cemment r\u00e9nov\u00e9es avec un design moderne et confortable, disposent de chambres spacieuses et color\u00e9es et d'une vue sur la Via Toledo et la Piazza Carit\u00e0..","og_url":"https:\/\/www.toraldosuites.it\/fr\/","og_site_name":"Toraldo Suites","article_modified_time":"2022-09-23T12:36:11+00:00","twitter_card":"summary_large_image","twitter_misc":{"Dur\u00e9e de lecture estim\u00e9e":"1 minute"},"schema":{"@context":"https:\/\/schema.org","@graph":[{"@type":"WebPage","@id":"https:\/\/www.toraldosuites.it\/fr\/","url":"https:\/\/www.toraldosuites.it\/fr\/","name":"Toraldo Suites - dans la zone centrale, sur la Piazza Carit\u00e0","isPartOf":{"@id":"https:\/\/www.toraldosuites.it\/fr\/#website"},"datePublished":"2022-02-03T16:35:22+00:00","dateModified":"2022-09-23T12:36:11+00:00","description":"Le nom de chaque appartement est li\u00e9 \u00e0 une histoire ancienne qui remonte \u00e0 l'\u00e9poque de la famille Toraldo. Les Suites, r\u00e9cemment r\u00e9nov\u00e9es avec un design moderne et confortable, disposent de chambres spacieuses et color\u00e9es et d'une vue sur la Via Toledo et la Piazza Carit\u00e0..","breadcrumb":{"@id":"https:\/\/www.toraldosuites.it\/fr\/#breadcrumb"},"inLanguage":"fr-FR","potentialAction":[{"@type":"ReadAction","target":["https:\/\/www.toraldosuites.it\/fr\/"]}]},{"@type":"BreadcrumbList","@id":"https:\/\/www.toraldosuites.it\/fr\/#breadcrumb","itemListElement":[{"@type":"ListItem","position":1,"name":"Home","item":"https:\/\/www.toraldosuites.it\/fr\/"},{"@type":"ListItem","position":2,"name":"Toraldo Suites"}]},{"@type":"WebSite","@id":"https:\/\/www.toraldosuites.it\/fr\/#website","url":"https:\/\/www.toraldosuites.it\/fr\/","name":"Toraldo Suites","description":"Just another ms.decms.eu site","potentialAction":[{"@type":"SearchAction","target":{"@type":"EntryPoint","urlTemplate":"https:\/\/www.toraldosuites.it\/fr\/?s={search_term_string}"},"query-input":{"@type":"PropertyValueSpecification","valueRequired":true,"valueName":"search_term_string"}}],"inLanguage":"fr-FR"}]}},"acf":[],"_links":{"self":[{"href":"https:\/\/www.toraldosuites.it\/fr\/wp-json\/wp\/v2\/pages\/14","targetHints":{"allow":["GET"]}}],"collection":[{"href":"https:\/\/www.toraldosuites.it\/fr\/wp-json\/wp\/v2\/pages"}],"about":[{"href":"https:\/\/www.toraldosuites.it\/fr\/wp-json\/wp\/v2\/types\/page"}],"author":[{"embeddable":true,"href":"https:\/\/www.toraldosuites.it\/fr\/wp-json\/wp\/v2\/users\/7"}],"replies":[{"embeddable":true,"href":"https:\/\/www.toraldosuites.it\/fr\/wp-json\/wp\/v2\/comments?post=14"}],"version-history":[{"count":0,"href":"https:\/\/www.toraldosuites.it\/fr\/wp-json\/wp\/v2\/pages\/14\/revisions"}],"wp:attachment":[{"href":"https:\/\/www.toraldosuites.it\/fr\/wp-json\/wp\/v2\/media?parent=14"}],"curies":[{"name":"wp","href":"https:\/\/api.w.org\/{rel}","templated":true}]}}