{"id":31,"date":"2022-02-04T10:10:06","date_gmt":"2022-02-04T10:10:06","guid":{"rendered":"https:\/\/toraldo-suites.ms.decms.eu\/la-struttura\/"},"modified":"2022-03-28T17:05:53","modified_gmt":"2022-03-28T17:05:53","slug":"la-struttura","status":"publish","type":"page","link":"https:\/\/www.toraldosuites.it\/fr\/la-struttura\/","title":{"rendered":"\u00c0 propos de nous"},"content":{"rendered":"<p>Les Suites sont situ\u00e9es dans la zone centrale, sur la Piazza Carit\u00e0, l&rsquo;un des quartiers les plus prestigieux et suggestifs de Naples.<\/p>\n<p>Situ\u00e9es au troisi\u00e8me \u00e9tage d&rsquo;un prestigieux immeuble des ann\u00e9es 1950, surplombant la Via Toledo, les Suites ont \u00e9t\u00e9 r\u00e9nov\u00e9es r\u00e9cemment avec un design moderne et confortable et pr\u00e9sentent des environnements a\u00e9r\u00e9s et color\u00e9s.<\/p>\n","protected":false},"excerpt":{"rendered":"<p>Les Suites sont situ\u00e9es dans la zone centrale, sur la Piazza Carit\u00e0, l&rsquo;un des quartiers les plus prestigieux et suggestifs de Naples. Situ\u00e9es au troisi\u00e8me \u00e9tage d&rsquo;un prestigieux immeuble des ann\u00e9es 1950, surplombant la Via Toledo, les Suites ont \u00e9t\u00e9 r\u00e9nov\u00e9es r\u00e9cemment avec un design moderne et confortable et pr\u00e9sentent des environnements a\u00e9r\u00e9s et color\u00e9s.<\/p>\n","protected":false},"author":7,"featured_media":0,"parent":0,"menu_order":5,"comment_status":"closed","ping_status":"closed","template":"template-default-3.php","meta":{"footnotes":""},"class_list":["post-31","page","type-page","status-publish","hentry"],"yoast_head":"<!-- This site is optimized with the Yoast SEO plugin v26.9 - https:\/\/yoast.com\/product\/yoast-seo-wordpress\/ -->\n<title>\u00c0 propos de nous - Toraldo Suites -<\/title>\n<meta name=\"description\" content=\"Les Suites sont situ\u00e9es dans la zone centrale, sur la Piazza Carit\u00e0, l&#039;un des quartiers les plus prestigieux et suggestifs de Naples.  Situ\u00e9es au troisi\u00e8me \u00e9tage d&#039;un prestigieux immeuble des ann\u00e9es 1950, surplombant la Via Toledo, les Suites ont \u00e9t\u00e9 r\u00e9nov\u00e9es r\u00e9cemment avec un design moderne et confortable et pr\u00e9sentent des environnements a\u00e9r\u00e9s et color\u00e9s..\" \/>\n<meta name=\"robots\" content=\"index, follow, max-snippet:-1, max-image-preview:large, max-video-preview:-1\" \/>\n<link rel=\"canonical\" href=\"https:\/\/www.toraldosuites.it\/fr\/la-struttura\/\" \/>\n<meta property=\"og:locale\" content=\"fr_FR\" \/>\n<meta property=\"og:type\" content=\"article\" \/>\n<meta property=\"og:title\" content=\"\u00c0 propos de nous - Toraldo Suites -\" \/>\n<meta property=\"og:description\" content=\"Les Suites sont situ\u00e9es dans la zone centrale, sur la Piazza Carit\u00e0, l&#039;un des quartiers les plus prestigieux et suggestifs de Naples.  Situ\u00e9es au troisi\u00e8me \u00e9tage d&#039;un prestigieux immeuble des ann\u00e9es 1950, surplombant la Via Toledo, les Suites ont \u00e9t\u00e9 r\u00e9nov\u00e9es r\u00e9cemment avec un design moderne et confortable et pr\u00e9sentent des environnements a\u00e9r\u00e9s et color\u00e9s..\" \/>\n<meta property=\"og:url\" content=\"https:\/\/www.toraldosuites.it\/fr\/la-struttura\/\" \/>\n<meta property=\"og:site_name\" content=\"Toraldo Suites\" \/>\n<meta property=\"article:modified_time\" content=\"2022-03-28T17:05:53+00:00\" \/>\n<meta name=\"twitter:card\" content=\"summary_large_image\" \/>\n<meta name=\"twitter:label1\" content=\"Dur\u00e9e de lecture estim\u00e9e\" \/>\n\t<meta name=\"twitter:data1\" content=\"1 minute\" \/>\n<script type=\"application\/ld+json\" class=\"yoast-schema-graph\">{\"@context\":\"https:\/\/schema.org\",\"@graph\":[{\"@type\":\"WebPage\",\"@id\":\"https:\/\/www.toraldosuites.it\/fr\/la-struttura\/\",\"url\":\"https:\/\/www.toraldosuites.it\/fr\/la-struttura\/\",\"name\":\"\u00c0 propos de nous - Toraldo Suites -\",\"isPartOf\":{\"@id\":\"https:\/\/www.toraldosuites.it\/fr\/#website\"},\"datePublished\":\"2022-02-04T10:10:06+00:00\",\"dateModified\":\"2022-03-28T17:05:53+00:00\",\"description\":\"Les Suites sont situ\u00e9es dans la zone centrale, sur la Piazza Carit\u00e0, l'un des quartiers les plus prestigieux et suggestifs de Naples. Situ\u00e9es au troisi\u00e8me \u00e9tage d'un prestigieux immeuble des ann\u00e9es 1950, surplombant la Via Toledo, les Suites ont \u00e9t\u00e9 r\u00e9nov\u00e9es r\u00e9cemment avec un design moderne et confortable et pr\u00e9sentent des environnements a\u00e9r\u00e9s et color\u00e9s..\",\"breadcrumb\":{\"@id\":\"https:\/\/www.toraldosuites.it\/fr\/la-struttura\/#breadcrumb\"},\"inLanguage\":\"fr-FR\",\"potentialAction\":[{\"@type\":\"ReadAction\",\"target\":[\"https:\/\/www.toraldosuites.it\/fr\/la-struttura\/\"]}]},{\"@type\":\"BreadcrumbList\",\"@id\":\"https:\/\/www.toraldosuites.it\/fr\/la-struttura\/#breadcrumb\",\"itemListElement\":[{\"@type\":\"ListItem\",\"position\":1,\"name\":\"Home\",\"item\":\"https:\/\/www.toraldosuites.it\/fr\/\"},{\"@type\":\"ListItem\",\"position\":2,\"name\":\"\u00c0 propos de nous\"}]},{\"@type\":\"WebSite\",\"@id\":\"https:\/\/www.toraldosuites.it\/fr\/#website\",\"url\":\"https:\/\/www.toraldosuites.it\/fr\/\",\"name\":\"Toraldo Suites\",\"description\":\"Just another ms.decms.eu site\",\"potentialAction\":[{\"@type\":\"SearchAction\",\"target\":{\"@type\":\"EntryPoint\",\"urlTemplate\":\"https:\/\/www.toraldosuites.it\/fr\/?s={search_term_string}\"},\"query-input\":{\"@type\":\"PropertyValueSpecification\",\"valueRequired\":true,\"valueName\":\"search_term_string\"}}],\"inLanguage\":\"fr-FR\"}]}<\/script>\n<!-- \/ Yoast SEO plugin. -->","yoast_head_json":{"title":"\u00c0 propos de nous - Toraldo Suites -","description":"Les Suites sont situ\u00e9es dans la zone centrale, sur la Piazza Carit\u00e0, l'un des quartiers les plus prestigieux et suggestifs de Naples.  Situ\u00e9es au troisi\u00e8me \u00e9tage d'un prestigieux immeuble des ann\u00e9es 1950, surplombant la Via Toledo, les Suites ont \u00e9t\u00e9 r\u00e9nov\u00e9es r\u00e9cemment avec un design moderne et confortable et pr\u00e9sentent des environnements a\u00e9r\u00e9s et color\u00e9s..","robots":{"index":"index","follow":"follow","max-snippet":"max-snippet:-1","max-image-preview":"max-image-preview:large","max-video-preview":"max-video-preview:-1"},"canonical":"https:\/\/www.toraldosuites.it\/fr\/la-struttura\/","og_locale":"fr_FR","og_type":"article","og_title":"\u00c0 propos de nous - Toraldo Suites -","og_description":"Les Suites sont situ\u00e9es dans la zone centrale, sur la Piazza Carit\u00e0, l'un des quartiers les plus prestigieux et suggestifs de Naples.  Situ\u00e9es au troisi\u00e8me \u00e9tage d'un prestigieux immeuble des ann\u00e9es 1950, surplombant la Via Toledo, les Suites ont \u00e9t\u00e9 r\u00e9nov\u00e9es r\u00e9cemment avec un design moderne et confortable et pr\u00e9sentent des environnements a\u00e9r\u00e9s et color\u00e9s..","og_url":"https:\/\/www.toraldosuites.it\/fr\/la-struttura\/","og_site_name":"Toraldo Suites","article_modified_time":"2022-03-28T17:05:53+00:00","twitter_card":"summary_large_image","twitter_misc":{"Dur\u00e9e de lecture estim\u00e9e":"1 minute"},"schema":{"@context":"https:\/\/schema.org","@graph":[{"@type":"WebPage","@id":"https:\/\/www.toraldosuites.it\/fr\/la-struttura\/","url":"https:\/\/www.toraldosuites.it\/fr\/la-struttura\/","name":"\u00c0 propos de nous - Toraldo Suites -","isPartOf":{"@id":"https:\/\/www.toraldosuites.it\/fr\/#website"},"datePublished":"2022-02-04T10:10:06+00:00","dateModified":"2022-03-28T17:05:53+00:00","description":"Les Suites sont situ\u00e9es dans la zone centrale, sur la Piazza Carit\u00e0, l'un des quartiers les plus prestigieux et suggestifs de Naples. Situ\u00e9es au troisi\u00e8me \u00e9tage d'un prestigieux immeuble des ann\u00e9es 1950, surplombant la Via Toledo, les Suites ont \u00e9t\u00e9 r\u00e9nov\u00e9es r\u00e9cemment avec un design moderne et confortable et pr\u00e9sentent des environnements a\u00e9r\u00e9s et color\u00e9s..","breadcrumb":{"@id":"https:\/\/www.toraldosuites.it\/fr\/la-struttura\/#breadcrumb"},"inLanguage":"fr-FR","potentialAction":[{"@type":"ReadAction","target":["https:\/\/www.toraldosuites.it\/fr\/la-struttura\/"]}]},{"@type":"BreadcrumbList","@id":"https:\/\/www.toraldosuites.it\/fr\/la-struttura\/#breadcrumb","itemListElement":[{"@type":"ListItem","position":1,"name":"Home","item":"https:\/\/www.toraldosuites.it\/fr\/"},{"@type":"ListItem","position":2,"name":"\u00c0 propos de nous"}]},{"@type":"WebSite","@id":"https:\/\/www.toraldosuites.it\/fr\/#website","url":"https:\/\/www.toraldosuites.it\/fr\/","name":"Toraldo Suites","description":"Just another ms.decms.eu site","potentialAction":[{"@type":"SearchAction","target":{"@type":"EntryPoint","urlTemplate":"https:\/\/www.toraldosuites.it\/fr\/?s={search_term_string}"},"query-input":{"@type":"PropertyValueSpecification","valueRequired":true,"valueName":"search_term_string"}}],"inLanguage":"fr-FR"}]}},"acf":[],"_links":{"self":[{"href":"https:\/\/www.toraldosuites.it\/fr\/wp-json\/wp\/v2\/pages\/31","targetHints":{"allow":["GET"]}}],"collection":[{"href":"https:\/\/www.toraldosuites.it\/fr\/wp-json\/wp\/v2\/pages"}],"about":[{"href":"https:\/\/www.toraldosuites.it\/fr\/wp-json\/wp\/v2\/types\/page"}],"author":[{"embeddable":true,"href":"https:\/\/www.toraldosuites.it\/fr\/wp-json\/wp\/v2\/users\/7"}],"replies":[{"embeddable":true,"href":"https:\/\/www.toraldosuites.it\/fr\/wp-json\/wp\/v2\/comments?post=31"}],"version-history":[{"count":0,"href":"https:\/\/www.toraldosuites.it\/fr\/wp-json\/wp\/v2\/pages\/31\/revisions"}],"wp:attachment":[{"href":"https:\/\/www.toraldosuites.it\/fr\/wp-json\/wp\/v2\/media?parent=31"}],"curies":[{"name":"wp","href":"https:\/\/api.w.org\/{rel}","templated":true}]}}